{"id":107,"date":"2019-11-18T14:28:41","date_gmt":"2019-11-18T13:28:41","guid":{"rendered":"http:\/\/christmann-foto.de\/?page_id=107"},"modified":"2023-02-12T16:46:21","modified_gmt":"2023-02-12T15:46:21","slug":"vita","status":"publish","type":"page","link":"https:\/\/christmann-foto.de\/?page_id=107","title":{"rendered":"Vita"},"content":{"rendered":"\n<style type=\"text\/css\" data-created_by=\"avia_inline_auto\" id=\"style-css-av-oisr-5667dbe035460c461664e2f70b382a0c\">\n.avia-section.av-oisr-5667dbe035460c461664e2f70b382a0c .av-parallax .av-parallax-inner{\nbackground-repeat:no-repeat;\nbackground-image:url(https:\/\/christmann-foto.de\/wp-content\/uploads\/2019\/10\/Island-Winter-photo-by-Roland-Scheizer-1200x600.jpg);\nbackground-position:50% 50%;\nbackground-attachment:scroll;\n}\n<\/style>\n<div id='av_section_1'  class='avia-section av-oisr-5667dbe035460c461664e2f70b382a0c main_color avia-section-default avia-no-border-styling  avia-builder-el-0  el_before_av_one_full  avia-builder-el-first  avia-full-stretch av-parallax-section avia-bg-style-parallax container_wrap sidebar_right'  data-section-bg-repeat='stretch'><div class='av-parallax' data-avia-parallax-ratio='0.3' ><div class='av-parallax-inner main_color avia-full-stretch'><\/div><\/div><div class='container av-section-cont-open' ><main  role=\"main\" itemprop=\"mainContentOfPage\"  class='template-page content  av-content-small alpha units'><div class='post-entry post-entry-type-page post-entry-107'><div class='entry-content-wrapper clearfix'><\/div><\/div><\/main><!-- close content main element --><\/div><\/div><div id='after_section_1'  class='main_color av_default_container_wrap container_wrap sidebar_right'  ><div class='container av-section-cont-open' ><div class='template-page content  av-content-small alpha units'><div class='post-entry post-entry-type-page post-entry-107'><div class='entry-content-wrapper clearfix'>\n\n<style type=\"text\/css\" data-created_by=\"avia_inline_auto\" id=\"style-css-av-a6bkz-7f90602496bbcedde65f2bfc86774355\">\n.flex_column.av-a6bkz-7f90602496bbcedde65f2bfc86774355{\n-webkit-border-radius:0px 0px 0px 0px;\n-moz-border-radius:0px 0px 0px 0px;\nborder-radius:0px 0px 0px 0px;\npadding:0px 0px 0px 0px;\n}\n<\/style>\n<div class='flex_column av-a6bkz-7f90602496bbcedde65f2bfc86774355 av_one_full  avia-builder-el-1  el_after_av_section  avia-builder-el-no-sibling  first flex_column_div av-zero-column-padding '     ><style type=\"text\/css\" data-created_by=\"avia_inline_auto\" id=\"style-css-av-ahse3-36eb6f7d4186e4950d60f5dfb32f2298\">\n#top .av_textblock_section.av-ahse3-36eb6f7d4186e4950d60f5dfb32f2298 .avia_textblock{\nfont-size:17px;\n}\n<\/style>\n<section  class='av_textblock_section av-ahse3-36eb6f7d4186e4950d60f5dfb32f2298'  itemscope=\"itemscope\" itemtype=\"https:\/\/schema.org\/CreativeWork\" ><div class='avia_textblock'  itemprop=\"text\" ><p><strong>VITA<\/strong><br \/>\n1959 in Silberborn \/ Solling geboren.<br \/>\n1985 \u2013 1991 Studium der Visuellen Kommunikation, Kunsthochschule Kassel, mit Schwerpunkt Fotografie und Grafik Design<br \/>\nbei Prof. Gunter Rambow und Prof. Floris M. Neus\u00fcss.<br \/>\nSeit 1991 freischaffend als Fotograf t\u00e4tig.<\/p>\n<p><strong>REFERENZEN<\/strong><br \/>\n<strong>Auszeichnungen (Auswahl)<\/strong><br \/>\n1991 Internationaler Kodak-Fotokalenderpreis<br \/>\n1991 Stiftung Buchkunst, Nominierung \u201eSch\u00f6nste Deutsche B\u00fccher\u201c<br \/>\n1997 Auszeichnung beim Licher-Fotopreis Mensch &amp; Natur<br \/>\n1997 Auszeichnung beim Europ\u00e4ischen Architekturfotografie-Preis, db architekturbild.<br \/>\n1999 Auszeichnung beim Europ\u00e4ischen Architekturfotografie-Preis, db architekturbild<br \/>\n2000 Sonderpreis der 1. Photobiennale in Bad T\u00f6lz, Heimat am Fluss<br \/>\n2002 2. Preis beim Licher-Fotopreis Mensch &amp; Natur<\/p>\n<p><strong>Ausstellungen \/ Ausstellungsbeteiligungen &amp; Projekte (Auswahl)<br \/>\n<\/strong>1988 Bonn, Landesvertretung Niedersachsen beim Bund (Pr\u00e4mierte Arbeiten zum Thema &#8222;Baum &amp; Kunst&#8220;)<br \/>\n1988 Frankfurt, St\u00e4delschule (Gemeinschaftsausstellung von Fotogrammen zum Thema: &#8222;Auf der Suche nach Schlemihls Schatten&#8220;)<br \/>\n1989 Kassel, Museum Fridericianum, Ausstellungsbeteiligung zum 150 j\u00e4hrigen Jubil\u00e4um der Fotografie)<br \/>\n1989 Kassel, Kunsthochschule (Gruppenausstellung &#8222;New York\u201c)<br \/>\n1989 Amsterdam, Gerrit Rietveld Academy, Gruppenausstellung von Fotogrammen<br \/>\n1990 K\u00f6ln, Historisches Rathaus, Kunstpreis des Bundesministeriums der Justiz zum Thema Menschenrechte &amp; Gewalt<br \/>\n1992 Kassel, documenta 9, Pr\u00e4mierte Arbeiten aus dem Wettbewerb zur Geschichte der documenta<br \/>\n1992 Stuttgart, Haus der Wirtschaft (Pr\u00e4sentation der pr\u00e4mierten Kalender &#8211; &#8222;Internationaler Kodak- Fotokalenderpreis&#8220;)<br \/>\n1994 Kassel, Dock 4, Standpunkte, Gemeinschaftsausstellung zum Thema DDR<br \/>\n1994 -1996 Mitarbeit am Projekt Fotografie und Ged\u00e4chtnis von Prof. Dr. Kerbs.<br \/>\n1995 Mitarbeit Verh\u00fcllter Reichstag, Berlin, Christo und Jeanne Claude<br \/>\n1995 Frankfurt, Buchmesse (&#8222;Kalenderschau&#8220;, pr\u00e4mierter Kalender \u201eIsland\u201c)<br \/>\n1996 Kassel, Alelier Muha Saric (&#8222;Sarajevo &#8211; ein Stadtportr\u00e4t zu Kriegszeiten&#8220;), Einzelausstellung.<br \/>\n1996 Kassel, VHS \u2013 Foyer (Landschaftsfotografie aus Island), Einzelausstellung<br \/>\n1997 Berlin, Galerie Aedes East (&#8222;Europ\u00e4ischer Architekturfotografie-Preis&#8220;)<br \/>\n1997 Berlin, Fotogalerie Kulturamt Friedrichshain, Fotografie &amp; Ged\u00e4chtnis<br \/>\n1997 Hamburg, Altonaer Museum, Fotografie &amp; Ged\u00e4chtnis<br \/>\n1997 Rostock, Kulturhistorisches Museum (&#8222;Fotografie &amp; Ged\u00e4chtnis&#8220;)<br \/>\n1997 Bonn, Kunst- und Ausstellungshalle der Bundesrepublik Deutschland, Europ\u00e4ischer Architekturfotografie-Preis<br \/>\n1997 Edinburgh, Manifesto &#8211; the international festival of architecture and design Europ\u00e4ischer Architekturfotografie-Preis<br \/>\n1997 Erfurt, Stadtmuseum &#8222;Haus am Stockfisch&#8220; (&#8222;Fotografie &amp; Ged\u00e4chtnis&#8220;)<br \/>\n1998 K\u00f6ln, Photokina (Beteiligung am &#8222;Leica &#8211; Kalender `99&#8220;)<br \/>\n1998 Frankfurt, Presseclub (&#8222;Mensch &amp; Natur&#8220;) Ausgew\u00e4hlte Arbeiten aus dem Fotowettbewerb der Licher-Brauerei.<br \/>\n1998 Z\u00fcrich, Nikon Image House-Galerie, Europ\u00e4ischer Architekturfotografie-Preis<br \/>\n1999 Bonn, Kunst- und Ausstellungshalle der Bundesrepublik Deutschland, Europ\u00e4ischer Architekturfotografie-Preis<br \/>\n2000 K\u00f6ln, Photokina, Europ\u00e4ischen Architekturfotografie-Preis<br \/>\n2000 Bad T\u00f6lz, 1. Photobiennale, Heimat am Fluss<br \/>\n2003 Neu-Anspach, Freilichtmuseum Hessenpark, Mensch &amp; Natur, aus dem Fotowettbewerb der Licher Brauerei<br \/>\n2003 Cottbus, Museum f\u00fcr Zeitgen\u00f6ssische Kunst , Fotografie &amp; Ged\u00e4chtnis, Ausstellungsbeteiligung<br \/>\n2003 Reykjavik, Island, 2 qm, Fotoausstellung zur Kulturnacht im August, Ausstellungsbeteiligung<br \/>\n2010 Kassel, Citycounter im Kulturbahnhof, Menschen &amp; Mythen &#8211; Fotografien aus Nepal<br \/>\n2013 Frankfurt, Deutsches Architekturmuseum, Architekturfotografie-Preis, \u201eDer zweite Blick\u201c. Ausstellungsbeteiligung.<br \/>\n2013 Stuttgart, architekturbild 1995-2011 | \u201eDer zweite Blick\u201c, Fotogalerie f 75. Gruppenausstellung.<br \/>\n2014 Kassel, Museum f\u00fcr Sepulkralkultur, Pashupatinath \u2013 Fotografien zu dem heiligen Ort in Nepal, Einzelausstellung.<br \/>\n2014 M\u00fcnchen, Aspekte Galerie, architekturbild 1995-2011 | \u201eDer zweite Blick\u201c, Gruppenausstellung.<br \/>\n2015 Kassel, Rathaus (Karl-Branner-Halle) \u201eImpressionen aus Nepal\u201c, Benefizaktion zugunsten nepalesischer Erdbebenopfer unter der Schirmherrschaft von OB Bertram Hilgen., Einzelausstellung<br \/>\n2017 Kassel, documenta 14, Museum f\u00fcr Sepulkralkultur, \u201ePashupatinath\u201c \/ Dauerausstellung<br \/>\n2017 Kassel, City Center \/ Bahnhof Wilhelmsh\u00f6he, \u201eNepal \u2013 Menschen &amp; Mythen\u201c, Einzelausstellung<br \/>\n2020 PHOTONEWS-Forum &#8222;Paare&#8220; <a href=\"https:\/\/photonews.de\/photonews-aktuell\/photonews-forum-paare\/\">https:\/\/photonews.de\/photonews-aktuell\/photonews-forum-paare\/<\/a><br \/>\n2020 PHOTONEWS-Forum &#8222;Das Haus&#8220; <a href=\"https:\/\/photonews.de\/photonews-aktuell\/photonews-forum-das-haus\/\">https:\/\/photonews.de\/photonews-aktuell\/photonews-forum-das-haus\/<\/a><br \/>\n2020 PHOTONEWS-Forum &#8222;Grenzen&#8220; <a href=\"https:\/\/photonews.de\/photonews-aktuell\/photonews-forum-grenzen\/\">https:\/\/photonews.de\/photonews-aktuell\/photonews-forum-grenzen\/<\/a><br \/>\n2020 PHOTONEWS-Forum &#8222;Bruder Tier&#8220;<a href=\"https:\/\/photonews.de\/photonews-aktuell\/photonews-forum-bruder-tier\/\"> https:\/\/photonews.de\/photonews-aktuell\/photonews-forum-bruder-tier\/<\/a><br \/>\n2020 PHOTONEWS-Forum &#8222;Das Gl\u00fcck auf R\u00e4dern?&#8220;<a href=\"https:\/\/photonews.de\/photonews-aktuell\/photonews-forum-das-glueck-auf-raedern\/\"> https:\/\/photonews.de\/photonews-aktuell\/photonews-forum-das-glueck-auf-raedern\/<\/a><br \/>\n2020 Ausstellung im Internet\/Nordhessen-Galerie: &#8222;Die Kunst der Balance und ihr Ende&#8220;:<a href=\"https:\/\/www.nordhessen-galerie.de\/20\/christmann.html\">https:\/\/www.nordhessen-galerie.de\/20\/christmann.html<\/a><strong><br \/>\n<\/strong>2021 Ausstellung im Internet\/Nordhessen-Galerie: &#8222;Pashupatinath&#8220;: <a href=\"https:\/\/www.nordhessen-galerie.de\/christmann21.html\">https:\/\/www.nordhessen-galerie.de\/christmann21.html<\/a><br \/>\n2021 PHOTONEWS-Forum &#8222;Still-Leben&#8220;<a href=\"https:\/\/photonews.de\/photonews-aktuell\/photonews-forum-still-leben\/\"> https:\/\/photonews.de\/photonews-aktuell\/photonews-forum-still-leben\/<\/a><br \/>\n2021 PHOTONEWS-Forum &#8222;Fernweh&#8220; <a href=\"https:\/\/photonews.de\/photonews-aktuell\/photonews-forum-fernweh\/\">https:\/\/photonews.de\/photonews-aktuell\/photonews-forum-fernweh\/<\/a><br \/>\n2021 PHOTONEWS-Forum &#8222;Konsum&#8220; <a href=\"https:\/\/photonews.de\/photonews-aktuell\/photonews-forum-konsum\/\">https:\/\/photonews.de\/photonews-aktuell\/photonews-forum-konsum\/<\/a><br \/>\n2021 PHOTONEWS-Forum &#8222;Bett&#8220; <a href=\"https:\/\/photonews.de\/photonews-aktuell\/photonews-forum-bett\/\">https:\/\/photonews.de\/photonews-aktuell\/photonews-forum-bett\/<\/a><br \/>\n2021 Stipendium Hessische Kulturstiftung<\/p>\n<p>Fotografien von Peter Christmann befinden sich in musealen und privaten Sammlungen &#8211; u.a. documenta-Archiv (Kassel),<br \/>\nLandesmuseen Cottbus, Halle, Schwerin, Sepulkralmuseum (Kassel), \u00cdslenzka Re\u00f0asafn (Reykjavik, Island)<\/p>\n<p><strong>Publikationen (Auswahl)<\/strong><\/p>\n<p>Island &#8211; Mythos einer Landschaft, Bild- Textband, Eichst\u00e4tt 1991<br \/>\nIsland, Fotokalender, Konstanz 1992<br \/>\nNepal, Fotokalender, Konstanz 1996<br \/>\nLeica Fotografie International, Portfolio, Frankfurt 1996<br \/>\nDeutsche Bauzeitung, Sonderheft, Architektur in Schwarzweiss und Architektur im<br \/>\nKontext, Stuttgart 1997 und 1999<br \/>\nFotografie &amp; Ged\u00e4chtnis, Bild- und Textb\u00e4nde \u00fcber Mecklenburg Vorpommern und<br \/>\nBrandenburg, Berlin 1999<br \/>\nEden, Fotoreportage \u00fcber das Vittoriale degli Italiani in Gardone Rivera, Heft 3\/2000<br \/>\nHeimat am Fluss, Ausstellungskatalog zur 1. T\u00f6lzer Photobiennale, 2000<br \/>\nDiverse Ver\u00f6ffentlichungen im Fotomagazin \u201ePHOTONEWS\u201c, 2020, 2021<\/p>\n<\/div><\/section><\/div>\n","protected":false},"excerpt":{"rendered":"","protected":false},"author":1,"featured_media":93,"parent":0,"menu_order":0,"comment_status":"closed","ping_status":"closed","template":"","meta":[],"yoast_head":"<!-- This site is optimized with the Yoast SEO plugin v19.10 - https:\/\/yoast.com\/wordpress\/plugins\/seo\/ -->\n<title>Vita - CHRISTMANN FOTOGRAFIE<\/title>\n<meta name=\"robots\" content=\"index, follow, max-snippet:-1, max-image-preview:large, max-video-preview:-1\" \/>\n<link rel=\"canonical\" href=\"https:\/\/christmann-foto.de\/?page_id=107\" \/>\n<meta property=\"og:locale\" content=\"de_DE\" \/>\n<meta property=\"og:type\" content=\"article\" \/>\n<meta property=\"og:title\" content=\"Vita - CHRISTMANN FOTOGRAFIE\" \/>\n<meta property=\"og:url\" content=\"https:\/\/christmann-foto.de\/?page_id=107\" \/>\n<meta property=\"og:site_name\" content=\"CHRISTMANN FOTOGRAFIE\" \/>\n<meta property=\"article:modified_time\" content=\"2023-02-12T15:46:21+00:00\" \/>\n<meta property=\"og:image\" content=\"https:\/\/christmann-foto.de\/wp-content\/uploads\/2019\/10\/Island-Winter-photo-by-Roland-Scheizer-1200x600.jpg\" \/>\n\t<meta property=\"og:image:width\" content=\"1200\" \/>\n\t<meta property=\"og:image:height\" content=\"600\" \/>\n\t<meta property=\"og:image:type\" content=\"image\/jpeg\" \/>\n<meta name=\"twitter:card\" content=\"summary_large_image\" \/>\n<meta name=\"twitter:label1\" content=\"Gesch\u00e4tzte Lesezeit\" \/>\n\t<meta name=\"twitter:data1\" content=\"5 Minuten\" \/>\n<script type=\"application\/ld+json\" class=\"yoast-schema-graph\">{\"@context\":\"https:\/\/schema.org\",\"@graph\":[{\"@type\":\"WebPage\",\"@id\":\"https:\/\/christmann-foto.de\/?page_id=107\",\"url\":\"https:\/\/christmann-foto.de\/?page_id=107\",\"name\":\"Vita - CHRISTMANN FOTOGRAFIE\",\"isPartOf\":{\"@id\":\"https:\/\/christmann-foto.de\/#website\"},\"datePublished\":\"2019-11-18T13:28:41+00:00\",\"dateModified\":\"2023-02-12T15:46:21+00:00\",\"breadcrumb\":{\"@id\":\"https:\/\/christmann-foto.de\/?page_id=107#breadcrumb\"},\"inLanguage\":\"de-DE\",\"potentialAction\":[{\"@type\":\"ReadAction\",\"target\":[\"https:\/\/christmann-foto.de\/?page_id=107\"]}]},{\"@type\":\"BreadcrumbList\",\"@id\":\"https:\/\/christmann-foto.de\/?page_id=107#breadcrumb\",\"itemListElement\":[{\"@type\":\"ListItem\",\"position\":1,\"name\":\"Startseite\",\"item\":\"https:\/\/christmann-foto.de\/?page_id=24\"},{\"@type\":\"ListItem\",\"position\":2,\"name\":\"Vita\"}]},{\"@type\":\"WebSite\",\"@id\":\"https:\/\/christmann-foto.de\/#website\",\"url\":\"https:\/\/christmann-foto.de\/\",\"name\":\"CHRISTMANN FOTOGRAFIE\",\"description\":\"Fotografien aus aller Welt\",\"potentialAction\":[{\"@type\":\"SearchAction\",\"target\":{\"@type\":\"EntryPoint\",\"urlTemplate\":\"https:\/\/christmann-foto.de\/?s={search_term_string}\"},\"query-input\":\"required name=search_term_string\"}],\"inLanguage\":\"de-DE\"}]}<\/script>\n<!-- \/ Yoast SEO plugin. -->","yoast_head_json":{"title":"Vita - CHRISTMANN FOTOGRAFIE","robots":{"index":"index","follow":"follow","max-snippet":"max-snippet:-1","max-image-preview":"max-image-preview:large","max-video-preview":"max-video-preview:-1"},"canonical":"https:\/\/christmann-foto.de\/?page_id=107","og_locale":"de_DE","og_type":"article","og_title":"Vita - CHRISTMANN FOTOGRAFIE","og_url":"https:\/\/christmann-foto.de\/?page_id=107","og_site_name":"CHRISTMANN FOTOGRAFIE","article_modified_time":"2023-02-12T15:46:21+00:00","og_image":[{"width":1200,"height":600,"url":"https:\/\/christmann-foto.de\/wp-content\/uploads\/2019\/10\/Island-Winter-photo-by-Roland-Scheizer-1200x600.jpg","type":"image\/jpeg"}],"twitter_card":"summary_large_image","twitter_misc":{"Gesch\u00e4tzte Lesezeit":"5 Minuten"},"schema":{"@context":"https:\/\/schema.org","@graph":[{"@type":"WebPage","@id":"https:\/\/christmann-foto.de\/?page_id=107","url":"https:\/\/christmann-foto.de\/?page_id=107","name":"Vita - CHRISTMANN FOTOGRAFIE","isPartOf":{"@id":"https:\/\/christmann-foto.de\/#website"},"datePublished":"2019-11-18T13:28:41+00:00","dateModified":"2023-02-12T15:46:21+00:00","breadcrumb":{"@id":"https:\/\/christmann-foto.de\/?page_id=107#breadcrumb"},"inLanguage":"de-DE","potentialAction":[{"@type":"ReadAction","target":["https:\/\/christmann-foto.de\/?page_id=107"]}]},{"@type":"BreadcrumbList","@id":"https:\/\/christmann-foto.de\/?page_id=107#breadcrumb","itemListElement":[{"@type":"ListItem","position":1,"name":"Startseite","item":"https:\/\/christmann-foto.de\/?page_id=24"},{"@type":"ListItem","position":2,"name":"Vita"}]},{"@type":"WebSite","@id":"https:\/\/christmann-foto.de\/#website","url":"https:\/\/christmann-foto.de\/","name":"CHRISTMANN FOTOGRAFIE","description":"Fotografien aus aller Welt","potentialAction":[{"@type":"SearchAction","target":{"@type":"EntryPoint","urlTemplate":"https:\/\/christmann-foto.de\/?s={search_term_string}"},"query-input":"required name=search_term_string"}],"inLanguage":"de-DE"}]}},"_links":{"self":[{"href":"https:\/\/christmann-foto.de\/index.php?rest_route=\/wp\/v2\/pages\/107"}],"collection":[{"href":"https:\/\/christmann-foto.de\/index.php?rest_route=\/wp\/v2\/pages"}],"about":[{"href":"https:\/\/christmann-foto.de\/index.php?rest_route=\/wp\/v2\/types\/page"}],"author":[{"embeddable":true,"href":"https:\/\/christmann-foto.de\/index.php?rest_route=\/wp\/v2\/users\/1"}],"replies":[{"embeddable":true,"href":"https:\/\/christmann-foto.de\/index.php?rest_route=%2Fwp%2Fv2%2Fcomments&post=107"}],"version-history":[{"count":29,"href":"https:\/\/christmann-foto.de\/index.php?rest_route=\/wp\/v2\/pages\/107\/revisions"}],"predecessor-version":[{"id":656,"href":"https:\/\/christmann-foto.de\/index.php?rest_route=\/wp\/v2\/pages\/107\/revisions\/656"}],"wp:featuredmedia":[{"embeddable":true,"href":"https:\/\/christmann-foto.de\/index.php?rest_route=\/wp\/v2\/media\/93"}],"wp:attachment":[{"href":"https:\/\/christmann-foto.de\/index.php?rest_route=%2Fwp%2Fv2%2Fmedia&parent=107"}],"curies":[{"name":"wp","href":"https:\/\/api.w.org\/{rel}","templated":true}]}}