{"id":49,"date":"2019-10-16T14:24:15","date_gmt":"2019-10-16T12:24:15","guid":{"rendered":"http:\/\/christmann-foto.de\/?page_id=49"},"modified":"2024-04-08T11:06:41","modified_gmt":"2024-04-08T09:06:41","slug":"impressum","status":"publish","type":"page","link":"https:\/\/christmann-foto.de\/?page_id=49","title":{"rendered":"Impressum"},"content":{"rendered":"<div class=\"entry-content\">\n<p>Angaben gem\u00e4\u00df \u00a7 5 TMG<\/p>\n<p>CHRISTMANN FOTOGRAFIE<br \/>\nFriedenstra\u00dfe 20<br \/>\nD \u2013 34121 Kassel<\/p>\n<p><strong>Vertreten durch: <\/strong><br \/>\nPeter Christmann\u00a0 (Gesch\u00e4ftsf\u00fchrer)<\/p>\n<p><strong>Kontakt:<\/strong><br \/>\nTelefon: +49 (0)561 \u2013 284245\u00a0\u00a0 \/ +49 1621343219 &amp; +49 17684453406<br \/>\nE-Mail: <a href=\"http:\/\/carpediem-reisen.de\">info@christmann-foto.de<\/a><\/p>\n<p><strong>Umsatzsteuer-ID: <\/strong><br \/>\nUmsatzsteuer-Identifikationsnummer gem\u00e4\u00df \u00a727a Umsatzsteuergesetz: DE 165068124<\/p>\n<p><strong>Verantwortlich f\u00fcr den Inhalt nach \u00a7 55 Abs. 2 RStV:<\/strong><br \/>\nPeter Christmann<br \/>\nFriedenstra\u00dfe 20<br \/>\nD \u2013 34121 Kassel<\/p>\n<p><strong>Haftungsausschluss: <\/strong><\/p>\n<p><strong>Haftung f\u00fcr Inhalte<\/strong><\/p>\n<p>Die Inhalte unserer Seiten wurden mit gr\u00f6\u00dfter Sorgfalt erstellt. F\u00fcr die Richtigkeit, Vollst\u00e4ndigkeit und Aktualit\u00e4t der Inhalte k\u00f6nnen wir jedoch keine Gew\u00e4hr \u00fcbernehmen. Als Diensteanbieter sind wir gem\u00e4\u00df \u00a7 7 Abs.1 TMG f\u00fcr eigene Inhalte auf diesen Seiten nach den allgemeinen Gesetzen verantwortlich. Nach \u00a7\u00a7 8 bis 10 TMG sind wir als Diensteanbieter jedoch nicht verpflichtet, \u00fcbermittelte oder gespeicherte fremde Informationen zu \u00fcberwachen oder nach Umst\u00e4nden zu forschen, die auf eine rechtswidrige T\u00e4tigkeit hinweisen. Verpflichtungen zur Entfernung oder Sperrung der Nutzung von Informationen nach den allgemeinen Gesetzen bleiben hiervon unber\u00fchrt. Eine diesbez\u00fcgliche Haftung ist jedoch erst ab dem Zeitpunkt der Kenntnis einer konkreten Rechtsverletzung m\u00f6glich. Bei Bekanntwerden von entsprechenden Rechtsverletzungen werden wir diese Inhalte umgehend entfernen.<\/p>\n<p><strong>Haftung f\u00fcr Links<\/strong><\/p>\n<p>Unser Angebot enth\u00e4lt Links zu externen Webseiten Dritter, auf deren Inhalte wir keinen Einfluss haben. Deshalb k\u00f6nnen wir f\u00fcr diese fremden Inhalte auch keine Gew\u00e4hr \u00fcbernehmen. F\u00fcr die Inhalte der verlinkten Seiten ist stets der jeweilige Anbieter oder Betreiber der Seiten verantwortlich. Die verlinkten Seiten wurden zum Zeitpunkt der Verlinkung auf m\u00f6gliche Rechtsverst\u00f6\u00dfe \u00fcberpr\u00fcft. Rechtswidrige Inhalte waren zum Zeitpunkt der Verlinkung nicht erkennbar. Eine permanente inhaltliche Kontrolle der verlinkten Seiten ist jedoch ohne konkrete Anhaltspunkte einer Rechtsverletzung nicht zumutbar. Bei Bekanntwerden von Rechtsverletzungen werden wir derartige Links umgehend entfernen.<\/p>\n<p><strong>Urheberrecht<\/strong><\/p>\n<p>Die durch die Seitenbetreiber erstellten Inhalte und Werke auf diesen Seiten unterliegen dem deutschen Urheberrecht. Die Vervielf\u00e4ltigung, Bearbeitung, Verbreitung und jede Art der Verwertung au\u00dferhalb der Grenzen des Urheberrechtes bed\u00fcrfen der schriftlichen Zustimmung des jeweiligen Autors bzw. Erstellers. Downloads und Kopien dieser Seite sind nur f\u00fcr den privaten, nicht kommerziellen Gebrauch gestattet. Soweit die Inhalte auf dieser Seite nicht vom Betreiber erstellt wurden, werden die Urheberrechte Dritter beachtet. Insbesondere werden Inhalte Dritter als solche gekennzeichnet. Sollten Sie trotzdem auf eine Urheberrechtsverletzung aufmerksam werden, bitten wir um einen entsprechenden Hinweis. Bei Bekanntwerden von Rechtsverletzungen werden wir derartige Inhalte umgehend entfernen.<\/p>\n<p align=\"justify\"><b>EU-Streitschlichtungsplattform<\/b><br \/>\nDie Europ\u00e4ische Kommission stellt eine Plattform zur Online-Streitbeilegung (OS) bereit. Diese Plattform finden Sie unter: <a href=\"https:\/\/ec.europa.eu\/consumers\/odr\" target=\"_blank\" rel=\"noopener noreferrer\">https:\/\/ec.europa.eu\/consumers\/odr<\/a>.<\/p>\n<p align=\"justify\"><b>Hinweis gem\u00e4\u00df \u00a7 36 und 37 VSBG (Verbraucherstreitbeilegungsgesetz)<\/b><br \/>\nWir sind weder verpflichtet noch bereit an Streitschlichtungsverfahren bei einer Verbraucherschlichtungsstelle teilzunehmen.<\/p>\n<p>&nbsp;<\/p>\n<\/div>\n<p>&nbsp;<\/p>\n<div class=\"woocommerce woocommerce-gzd woocommerce-gzd-complaints-shortcode\">\n\t<h3>Alternative Streitbeilegung gem\u00e4\u00df Art. 14 Abs. 1 ODR-VO und \u00a7 36 VSBG:<\/h3>\n\n<p>Die Europ\u00e4ische Kommission stellt eine Plattform zur Online-Streitbeilegung (OS) bereit, die du unter <a href=\"https:\/\/ec.europa.eu\/consumers\/odr\" target=\"_blank\">https:\/\/ec.europa.eu\/consumers\/odr<\/a> findest. Zur Teilnahme an einem Streitbeilegungsverfahren vor einer Verbraucherschlichtungsstelle sind wir nicht verpflichtet und nicht bereit.<\/p>\n<\/div>\n","protected":false},"excerpt":{"rendered":"<p>Angaben gem\u00e4\u00df \u00a7 5 TMG CHRISTMANN FOTOGRAFIE Friedenstra\u00dfe 20 D \u2013 34121 Kassel Vertreten durch: Peter Christmann\u00a0 (Gesch\u00e4ftsf\u00fchrer) Kontakt: Telefon: +49 (0)561 \u2013 284245\u00a0\u00a0 \/ +49 1621343219 &amp; +49 17684453406 E-Mail: info@christmann-foto.de Umsatzsteuer-ID: Umsatzsteuer-Identifikationsnummer gem\u00e4\u00df \u00a727a Umsatzsteuergesetz: DE 165068124 Verantwortlich f\u00fcr den Inhalt nach \u00a7 55 Abs. 2 RStV: Peter Christmann Friedenstra\u00dfe 20 D \u2013 [&hellip;]<\/p>\n","protected":false},"author":1,"featured_media":0,"parent":0,"menu_order":0,"comment_status":"closed","ping_status":"closed","template":"","meta":[],"yoast_head":"<!-- This site is optimized with the Yoast SEO plugin v19.10 - https:\/\/yoast.com\/wordpress\/plugins\/seo\/ -->\n<title>Impressum - CHRISTMANN FOTOGRAFIE<\/title>\n<meta name=\"robots\" content=\"index, follow, max-snippet:-1, max-image-preview:large, max-video-preview:-1\" \/>\n<link rel=\"canonical\" href=\"https:\/\/christmann-foto.de\/?page_id=49\" \/>\n<meta property=\"og:locale\" content=\"de_DE\" \/>\n<meta property=\"og:type\" content=\"article\" \/>\n<meta property=\"og:title\" content=\"Impressum - CHRISTMANN FOTOGRAFIE\" \/>\n<meta property=\"og:description\" content=\"Angaben gem\u00e4\u00df \u00a7 5 TMG CHRISTMANN FOTOGRAFIE Friedenstra\u00dfe 20 D \u2013 34121 Kassel Vertreten durch: Peter Christmann\u00a0 (Gesch\u00e4ftsf\u00fchrer) Kontakt: Telefon: +49 (0)561 \u2013 284245\u00a0\u00a0 \/ +49 1621343219 &amp; +49 17684453406 E-Mail: info@christmann-foto.de Umsatzsteuer-ID: Umsatzsteuer-Identifikationsnummer gem\u00e4\u00df \u00a727a Umsatzsteuergesetz: DE 165068124 Verantwortlich f\u00fcr den Inhalt nach \u00a7 55 Abs. 2 RStV: Peter Christmann Friedenstra\u00dfe 20 D \u2013 [&hellip;]\" \/>\n<meta property=\"og:url\" content=\"https:\/\/christmann-foto.de\/?page_id=49\" \/>\n<meta property=\"og:site_name\" content=\"CHRISTMANN FOTOGRAFIE\" \/>\n<meta property=\"article:modified_time\" content=\"2024-04-08T09:06:41+00:00\" \/>\n<meta name=\"twitter:card\" content=\"summary_large_image\" \/>\n<meta name=\"twitter:label1\" content=\"Gesch\u00e4tzte Lesezeit\" \/>\n\t<meta name=\"twitter:data1\" content=\"3 Minuten\" \/>\n<script type=\"application\/ld+json\" class=\"yoast-schema-graph\">{\"@context\":\"https:\/\/schema.org\",\"@graph\":[{\"@type\":\"WebPage\",\"@id\":\"https:\/\/christmann-foto.de\/?page_id=49\",\"url\":\"https:\/\/christmann-foto.de\/?page_id=49\",\"name\":\"Impressum - CHRISTMANN FOTOGRAFIE\",\"isPartOf\":{\"@id\":\"https:\/\/christmann-foto.de\/#website\"},\"datePublished\":\"2019-10-16T12:24:15+00:00\",\"dateModified\":\"2024-04-08T09:06:41+00:00\",\"breadcrumb\":{\"@id\":\"https:\/\/christmann-foto.de\/?page_id=49#breadcrumb\"},\"inLanguage\":\"de-DE\",\"potentialAction\":[{\"@type\":\"ReadAction\",\"target\":[\"https:\/\/christmann-foto.de\/?page_id=49\"]}]},{\"@type\":\"BreadcrumbList\",\"@id\":\"https:\/\/christmann-foto.de\/?page_id=49#breadcrumb\",\"itemListElement\":[{\"@type\":\"ListItem\",\"position\":1,\"name\":\"Startseite\",\"item\":\"https:\/\/christmann-foto.de\/?page_id=24\"},{\"@type\":\"ListItem\",\"position\":2,\"name\":\"Impressum\"}]},{\"@type\":\"WebSite\",\"@id\":\"https:\/\/christmann-foto.de\/#website\",\"url\":\"https:\/\/christmann-foto.de\/\",\"name\":\"CHRISTMANN FOTOGRAFIE\",\"description\":\"Fotografien aus aller Welt\",\"potentialAction\":[{\"@type\":\"SearchAction\",\"target\":{\"@type\":\"EntryPoint\",\"urlTemplate\":\"https:\/\/christmann-foto.de\/?s={search_term_string}\"},\"query-input\":\"required name=search_term_string\"}],\"inLanguage\":\"de-DE\"}]}<\/script>\n<!-- \/ Yoast SEO plugin. -->","yoast_head_json":{"title":"Impressum - CHRISTMANN FOTOGRAFIE","robots":{"index":"index","follow":"follow","max-snippet":"max-snippet:-1","max-image-preview":"max-image-preview:large","max-video-preview":"max-video-preview:-1"},"canonical":"https:\/\/christmann-foto.de\/?page_id=49","og_locale":"de_DE","og_type":"article","og_title":"Impressum - CHRISTMANN FOTOGRAFIE","og_description":"Angaben gem\u00e4\u00df \u00a7 5 TMG CHRISTMANN FOTOGRAFIE Friedenstra\u00dfe 20 D \u2013 34121 Kassel Vertreten durch: Peter Christmann\u00a0 (Gesch\u00e4ftsf\u00fchrer) Kontakt: Telefon: +49 (0)561 \u2013 284245\u00a0\u00a0 \/ +49 1621343219 &amp; +49 17684453406 E-Mail: info@christmann-foto.de Umsatzsteuer-ID: Umsatzsteuer-Identifikationsnummer gem\u00e4\u00df \u00a727a Umsatzsteuergesetz: DE 165068124 Verantwortlich f\u00fcr den Inhalt nach \u00a7 55 Abs. 2 RStV: Peter Christmann Friedenstra\u00dfe 20 D \u2013 [&hellip;]","og_url":"https:\/\/christmann-foto.de\/?page_id=49","og_site_name":"CHRISTMANN FOTOGRAFIE","article_modified_time":"2024-04-08T09:06:41+00:00","twitter_card":"summary_large_image","twitter_misc":{"Gesch\u00e4tzte Lesezeit":"3 Minuten"},"schema":{"@context":"https:\/\/schema.org","@graph":[{"@type":"WebPage","@id":"https:\/\/christmann-foto.de\/?page_id=49","url":"https:\/\/christmann-foto.de\/?page_id=49","name":"Impressum - CHRISTMANN FOTOGRAFIE","isPartOf":{"@id":"https:\/\/christmann-foto.de\/#website"},"datePublished":"2019-10-16T12:24:15+00:00","dateModified":"2024-04-08T09:06:41+00:00","breadcrumb":{"@id":"https:\/\/christmann-foto.de\/?page_id=49#breadcrumb"},"inLanguage":"de-DE","potentialAction":[{"@type":"ReadAction","target":["https:\/\/christmann-foto.de\/?page_id=49"]}]},{"@type":"BreadcrumbList","@id":"https:\/\/christmann-foto.de\/?page_id=49#breadcrumb","itemListElement":[{"@type":"ListItem","position":1,"name":"Startseite","item":"https:\/\/christmann-foto.de\/?page_id=24"},{"@type":"ListItem","position":2,"name":"Impressum"}]},{"@type":"WebSite","@id":"https:\/\/christmann-foto.de\/#website","url":"https:\/\/christmann-foto.de\/","name":"CHRISTMANN FOTOGRAFIE","description":"Fotografien aus aller Welt","potentialAction":[{"@type":"SearchAction","target":{"@type":"EntryPoint","urlTemplate":"https:\/\/christmann-foto.de\/?s={search_term_string}"},"query-input":"required name=search_term_string"}],"inLanguage":"de-DE"}]}},"_links":{"self":[{"href":"https:\/\/christmann-foto.de\/index.php?rest_route=\/wp\/v2\/pages\/49"}],"collection":[{"href":"https:\/\/christmann-foto.de\/index.php?rest_route=\/wp\/v2\/pages"}],"about":[{"href":"https:\/\/christmann-foto.de\/index.php?rest_route=\/wp\/v2\/types\/page"}],"author":[{"embeddable":true,"href":"https:\/\/christmann-foto.de\/index.php?rest_route=\/wp\/v2\/users\/1"}],"replies":[{"embeddable":true,"href":"https:\/\/christmann-foto.de\/index.php?rest_route=%2Fwp%2Fv2%2Fcomments&post=49"}],"version-history":[{"count":6,"href":"https:\/\/christmann-foto.de\/index.php?rest_route=\/wp\/v2\/pages\/49\/revisions"}],"predecessor-version":[{"id":690,"href":"https:\/\/christmann-foto.de\/index.php?rest_route=\/wp\/v2\/pages\/49\/revisions\/690"}],"wp:attachment":[{"href":"https:\/\/christmann-foto.de\/index.php?rest_route=%2Fwp%2Fv2%2Fmedia&parent=49"}],"curies":[{"name":"wp","href":"https:\/\/api.w.org\/{rel}","templated":true}]}}